{"id":17738,"date":"2020-04-13T22:21:39","date_gmt":"2020-04-13T22:21:39","guid":{"rendered":"https:\/\/tbz.dtm.temporary.site\/website_f5026bfa\/contact\/"},"modified":"2023-04-20T19:09:54","modified_gmt":"2023-04-20T19:09:54","slug":"contact","status":"publish","type":"page","link":"https:\/\/avasacoffee.com\/en\/contact\/","title":{"rendered":"Contact"},"content":{"rendered":"\t\t<div data-elementor-type=\"wp-page\" data-elementor-id=\"17738\" class=\"elementor elementor-17738 elementor-13611\">\n\t\t\t\t\t\t<section class=\"elementor-section elementor-top-section elementor-element elementor-element-a08e8e4 elementor-section-boxed elementor-section-height-default elementor-section-height-default\" data-id=\"a08e8e4\" data-element_type=\"section\" data-e-type=\"section\">\n\t\t\t\t\t\t<div class=\"elementor-container elementor-column-gap-default\">\n\t\t\t\t\t<div class=\"elementor-column elementor-col-100 elementor-top-column elementor-element elementor-element-654f7f6\" data-id=\"654f7f6\" data-element_type=\"column\" data-e-type=\"column\">\n\t\t\t<div class=\"elementor-widget-wrap elementor-element-populated\">\n\t\t\t\t\t\t<div class=\"elementor-element elementor-element-c410458 elementor-widget elementor-widget-spacer\" data-id=\"c410458\" data-element_type=\"widget\" data-e-type=\"widget\" data-widget_type=\"spacer.default\">\n\t\t\t\t<div class=\"elementor-widget-container\">\n\t\t\t\t\t\t\t<div class=\"elementor-spacer\">\n\t\t\t<div class=\"elementor-spacer-inner\"><\/div>\n\t\t<\/div>\n\t\t\t\t\t\t<\/div>\n\t\t\t\t<\/div>\n\t\t\t\t\t<\/div>\n\t\t<\/div>\n\t\t\t\t\t<\/div>\n\t\t<\/section>\n\t\t\t\t<section class=\"elementor-section elementor-top-section elementor-element elementor-element-3724f34 elementor-section-boxed elementor-section-height-default elementor-section-height-default\" data-id=\"3724f34\" data-element_type=\"section\" data-e-type=\"section\">\n\t\t\t\t\t\t<div class=\"elementor-container elementor-column-gap-no\">\n\t\t\t\t\t<div class=\"elementor-column elementor-col-100 elementor-top-column elementor-element elementor-element-9b8c152\" data-id=\"9b8c152\" data-element_type=\"column\" data-e-type=\"column\">\n\t\t\t<div class=\"elementor-widget-wrap elementor-element-populated\">\n\t\t\t\t\t\t<div class=\"elementor-element elementor-element-e42573f elementor-widget elementor-widget-lte-icons\" data-id=\"e42573f\" data-element_type=\"widget\" data-e-type=\"widget\" data-widget_type=\"lte-icons.default\">\n\t\t\t\t<div class=\"elementor-widget-container\">\n\t\t\t\t\t<ul class=\"lte-block-icon has-descr  icons-count-4 lte-icon-space-md lte-icon-shape-default lte-icon-background-disabled lte-icon-border-disabled lte-icon-color-main lte-icon-divider-dashed lte-icon-inner-padding-no lte-icon-size-small lte-header-color-black lte-icon-type-top lte-icon-align- lte-hover-animation-yes layout-cols4 lte-additional-disabled lte-has-descr\"><li class=\" col-lg-3 col-md-3 col-sm-6 col-ms-6 col-xs-12\"><div   class=\"lte-inner\"><i aria-hidden=\"true\" class=\"fas fa-map-marker-alt\"><\/i><span class=\"lte-icon-content\"> <span class=\"lte-header\"> Direcci\u00f3n <\/span> <span class=\"lte-descr\">Los Amates, Santa Cruz; Km 200 sobre carretera CA4; Sensetenti, Ocotepeque, Honduras<\/span><\/span><\/div><\/li><li class=\" col-lg-3 col-md-3 col-sm-6 col-ms-6 col-xs-12\"><div   class=\"lte-inner\"><i aria-hidden=\"true\" class=\"fas fa-phone-alt\"><\/i><span class=\"lte-icon-content\"> <span class=\"lte-header\"> Tel\u00e9fonos <\/span> <span class=\"lte-descr\">+504 2663-5100<br \/>\n+504 2663-3744<\/span><\/span><\/div><\/li><li class=\" col-lg-3 col-md-3 col-sm-6 col-ms-6 col-xs-12\"><div   class=\"lte-inner\"><i aria-hidden=\"true\" class=\"fas fa-envelope\"><\/i><span class=\"lte-icon-content\"> <span class=\"lte-header\"> Email <\/span> <span class=\"lte-descr\">trade@avasacoffee.com<\/span><\/span><\/div><\/li><li class=\" col-lg-3 col-md-3 col-sm-6 col-ms-6 col-xs-12\"><div   class=\"lte-inner\"><i aria-hidden=\"true\" class=\"far fa-clock\"><\/i><span class=\"lte-icon-content\"> <span class=\"lte-header\"> Horarios <\/span> <span class=\"lte-descr\">Lunes a S\u00e1bado<br \/>\n8:00 AM - 5:00 PM<\/span><\/span><\/div><\/li><\/ul>\t\t\t\t<\/div>\n\t\t\t\t<\/div>\n\t\t\t\t<div class=\"elementor-element elementor-element-16d0b91 elementor-widget elementor-widget-spacer\" data-id=\"16d0b91\" data-element_type=\"widget\" data-e-type=\"widget\" data-widget_type=\"spacer.default\">\n\t\t\t\t<div class=\"elementor-widget-container\">\n\t\t\t\t\t\t\t<div class=\"elementor-spacer\">\n\t\t\t<div class=\"elementor-spacer-inner\"><\/div>\n\t\t<\/div>\n\t\t\t\t\t\t<\/div>\n\t\t\t\t<\/div>\n\t\t\t\t\t<\/div>\n\t\t<\/div>\n\t\t\t\t\t<\/div>\n\t\t<\/section>\n\t\t\t\t<section class=\"lte-background-gray elementor-section elementor-top-section elementor-element elementor-element-da204ff elementor-section-full_width lte-background-gray elementor-section-stretched elementor-section-height-default elementor-section-height-default\" data-id=\"da204ff\" data-element_type=\"section\" data-e-type=\"section\" data-settings=\"{&quot;stretch_section&quot;:&quot;section-stretched&quot;,&quot;background_background&quot;:&quot;classic&quot;}\">\n\t\t\t\t\t\t<div class=\"elementor-container elementor-column-gap-no\">\n\t\t\t\t\t<div class=\"elementor-column elementor-col-100 elementor-top-column elementor-element elementor-element-4727eec\" data-id=\"4727eec\" data-element_type=\"column\" data-e-type=\"column\">\n\t\t\t<div class=\"elementor-widget-wrap elementor-element-populated\">\n\t\t\t\t\t\t<section class=\"elementor-section elementor-inner-section elementor-element elementor-element-857d780 elementor-section-boxed elementor-section-height-default elementor-section-height-default\" data-id=\"857d780\" data-element_type=\"section\" data-e-type=\"section\">\n\t\t\t\t\t\t<div class=\"elementor-container elementor-column-gap-default\">\n\t\t\t\t\t<div class=\"elementor-column elementor-col-100 elementor-inner-column elementor-element elementor-element-de23ed1\" data-id=\"de23ed1\" data-element_type=\"column\" data-e-type=\"column\">\n\t\t\t<div class=\"elementor-widget-wrap elementor-element-populated\">\n\t\t\t\t\t\t<div class=\"elementor-element elementor-element-7ef9931 elementor-widget elementor-widget-spacer\" data-id=\"7ef9931\" data-element_type=\"widget\" data-e-type=\"widget\" data-widget_type=\"spacer.default\">\n\t\t\t\t<div class=\"elementor-widget-container\">\n\t\t\t\t\t\t\t<div class=\"elementor-spacer\">\n\t\t\t<div class=\"elementor-spacer-inner\"><\/div>\n\t\t<\/div>\n\t\t\t\t\t\t<\/div>\n\t\t\t\t<\/div>\n\t\t\t\t<div class=\"elementor-element elementor-element-01a6487 lte-heading-style-header-subheader elementor-widget elementor-widget-lte-header\" data-id=\"01a6487\" data-element_type=\"widget\" data-e-type=\"widget\" data-widget_type=\"lte-header.default\">\n\t\t\t\t<div class=\"elementor-widget-container\">\n\t\t\t\t\t<div class=\"lte-heading lte-style-header-subheader lte-subcolor-main has-subheader heading-tag-h3 heading-subtag-h6\"><div class=\"lte-heading-content\"><h6 class=\"lte-subheader\">Formulario de Contacto<\/h6><h3 class=\"lte-header\">\u00a1Env\u00edenos su mensaje!<\/h3><\/div><\/div>\t\t\t\t<\/div>\n\t\t\t\t<\/div>\n\t\t\t\t<div class=\"elementor-element elementor-element-412f726 elementor-widget__width-initial elementor-widget elementor-widget-text-editor\" data-id=\"412f726\" data-element_type=\"widget\" data-e-type=\"widget\" data-widget_type=\"text-editor.default\">\n\t\t\t\t<div class=\"elementor-widget-container\">\n\t\t\t\t\t\t\t\t\t<p>Your opinion is very valuable to us.<br \/>We want to know your questions, concerns and suggestions.<br \/>Please do not hesitate to send us your comments.<br \/>We want to hear from you!<\/p>\n\t\t\t\t\t\t\t\t<\/div>\n\t\t\t\t<\/div>\n\t\t\t\t<div class=\"elementor-element elementor-element-82ebe84 lte-background-transparent elementor-widget elementor-widget-lte-cf7\" data-id=\"82ebe84\" data-element_type=\"widget\" data-e-type=\"widget\" data-widget_type=\"lte-cf7.default\">\n\t\t\t\t<div class=\"elementor-widget-container\">\n\t\t\t\t\t<div class=\"lte-contact-form-7 lte-padding- lte-btn-black\">\n<div class=\"wpcf7 no-js\" id=\"wpcf7-f17895-o1\" lang=\"en-US\" dir=\"ltr\" data-wpcf7-id=\"17895\">\n<div class=\"screen-reader-response\"><p role=\"status\" aria-live=\"polite\" aria-atomic=\"true\"><\/p> <ul><\/ul><\/div>\n<form action=\"\/en\/wp-json\/wp\/v2\/pages\/17738#wpcf7-f17895-o1\" method=\"post\" class=\"wpcf7-form init\" aria-label=\"Contact form\" novalidate=\"novalidate\" data-status=\"init\">\n<fieldset class=\"hidden-fields-container\"><input type=\"hidden\" name=\"_wpcf7\" value=\"17895\" \/><input type=\"hidden\" name=\"_wpcf7_version\" value=\"6.1.5\" \/><input type=\"hidden\" name=\"_wpcf7_locale\" value=\"en_US\" \/><input type=\"hidden\" name=\"_wpcf7_unit_tag\" value=\"wpcf7-f17895-o1\" \/><input type=\"hidden\" name=\"_wpcf7_container_post\" value=\"0\" \/><input type=\"hidden\" name=\"_wpcf7_posted_data_hash\" value=\"\" \/><input type=\"hidden\" name=\"_wpcf7_recaptcha_response\" value=\"\" \/>\n<\/fieldset>\n<div class=\"row\">\n\t<div class=\"col-lg-6\">\n\t\t<p><span class=\"wpcf7-form-control-wrap\" data-name=\"field-name\"><input size=\"40\" maxlength=\"400\" class=\"wpcf7-form-control wpcf7-text wpcf7-validates-as-required\" aria-required=\"true\" aria-invalid=\"false\" placeholder=\"Full Name\" value=\"\" type=\"text\" name=\"field-name\" \/><\/span>\n\t\t<\/p>\n\t<\/div>\n\t<div class=\"col-lg-6\">\n\t\t<p><span class=\"wpcf7-form-control-wrap\" data-name=\"field-email\"><input size=\"40\" maxlength=\"400\" class=\"wpcf7-form-control wpcf7-text wpcf7-validates-as-required\" aria-required=\"true\" aria-invalid=\"false\" placeholder=\"Email Address\" value=\"\" type=\"text\" name=\"field-email\" \/><\/span>\n\t\t<\/p>\n\t<\/div>\n\t<div class=\"col-lg-12\">\n\t\t<p><span class=\"wpcf7-form-control-wrap\" data-name=\"field-message\"><textarea cols=\"40\" rows=\"10\" maxlength=\"2000\" class=\"wpcf7-form-control wpcf7-textarea\" aria-invalid=\"false\" placeholder=\"Message\" name=\"field-message\"><\/textarea><\/span>\n\t\t<\/p>\n\t<\/div>\n<\/div>\n<p><input class=\"wpcf7-form-control wpcf7-submit has-spinner\" type=\"submit\" value=\"Enviar\" \/>\n<\/p><p style=\"display: none !important;\" class=\"akismet-fields-container\" data-prefix=\"_wpcf7_ak_\"><label>&#916;<textarea name=\"_wpcf7_ak_hp_textarea\" cols=\"45\" rows=\"8\" maxlength=\"100\"><\/textarea><\/label><input type=\"hidden\" id=\"ak_js_1\" name=\"_wpcf7_ak_js\" value=\"71\"\/><script>document.getElementById( \"ak_js_1\" ).setAttribute( \"value\", ( new Date() ).getTime() );<\/script><\/p><div class=\"wpcf7-response-output\" aria-hidden=\"true\"><\/div>\n<\/form>\n<\/div>\n<\/div>\t\t\t\t<\/div>\n\t\t\t\t<\/div>\n\t\t\t\t<div class=\"elementor-element elementor-element-5af558c elementor-widget elementor-widget-spacer\" data-id=\"5af558c\" data-element_type=\"widget\" data-e-type=\"widget\" data-widget_type=\"spacer.default\">\n\t\t\t\t<div class=\"elementor-widget-container\">\n\t\t\t\t\t\t\t<div class=\"elementor-spacer\">\n\t\t\t<div class=\"elementor-spacer-inner\"><\/div>\n\t\t<\/div>\n\t\t\t\t\t\t<\/div>\n\t\t\t\t<\/div>\n\t\t\t\t\t<\/div>\n\t\t<\/div>\n\t\t\t\t\t<\/div>\n\t\t<\/section>\n\t\t\t\t\t<\/div>\n\t\t<\/div>\n\t\t\t\t\t<\/div>\n\t\t<\/section>\n\t\t\t\t<section class=\"elementor-section elementor-top-section elementor-element elementor-element-debaf82 elementor-section-full_width elementor-section-stretched elementor-section-height-default elementor-section-height-default\" data-id=\"debaf82\" data-element_type=\"section\" data-e-type=\"section\" data-settings=\"{&quot;stretch_section&quot;:&quot;section-stretched&quot;}\">\n\t\t\t\t\t\t<div class=\"elementor-container elementor-column-gap-no\">\n\t\t\t\t\t<div class=\"elementor-column elementor-col-100 elementor-top-column elementor-element elementor-element-0492889\" data-id=\"0492889\" data-element_type=\"column\" data-e-type=\"column\">\n\t\t\t<div class=\"elementor-widget-wrap elementor-element-populated\">\n\t\t\t\t\t\t<div class=\"elementor-element elementor-element-c8e9364 elementor-widget elementor-widget-google_maps\" data-id=\"c8e9364\" data-element_type=\"widget\" data-e-type=\"widget\" data-widget_type=\"google_maps.default\">\n\t\t\t\t<div class=\"elementor-widget-container\">\n\t\t\t\t\t\t\t<div class=\"elementor-custom-embed\">\n\t\t\t<iframe loading=\"lazy\"\n\t\t\t\t\tsrc=\"https:\/\/maps.google.com\/maps?q=sensenti%20ocotepeque%2C%20Honduras&#038;t=m&#038;z=11&#038;output=embed&#038;iwloc=near\"\n\t\t\t\t\ttitle=\"sensenti ocotepeque, Honduras\"\n\t\t\t\t\taria-label=\"sensenti ocotepeque, Honduras\"\n\t\t\t><\/iframe>\n\t\t<\/div>\n\t\t\t\t\t\t<\/div>\n\t\t\t\t<\/div>\n\t\t\t\t\t<\/div>\n\t\t<\/div>\n\t\t\t\t\t<\/div>\n\t\t<\/section>\n\t\t\t\t<\/div>\n\t\t","protected":false},"excerpt":{"rendered":"<p>Direcci\u00f3n Los Amates, Santa Cruz; Km 200 sobre carretera CA4; Sensetenti, Ocotepeque, Honduras Tel\u00e9fonos +504 2663-5100 +504 2663-3744 Email trade@avasacoffee.com Horarios Lunes a S\u00e1bado 8:00 AM &#8211; 5:00 PM Formulario de Contacto \u00a1Env\u00edenos su mensaje! Your opinion is very valuable to us.We want to know your questions, concerns and suggestions.Please do not hesitate to send [&hellip;]<\/p>\n","protected":false},"author":1,"featured_media":17195,"parent":0,"menu_order":0,"comment_status":"closed","ping_status":"closed","template":"elementor_header_footer","meta":{"footnotes":""},"class_list":["post-17738","page","type-page","status-publish","has-post-thumbnail","hentry"],"_links":{"self":[{"href":"https:\/\/avasacoffee.com\/en\/wp-json\/wp\/v2\/pages\/17738","targetHints":{"allow":["GET"]}}],"collection":[{"href":"https:\/\/avasacoffee.com\/en\/wp-json\/wp\/v2\/pages"}],"about":[{"href":"https:\/\/avasacoffee.com\/en\/wp-json\/wp\/v2\/types\/page"}],"author":[{"embeddable":true,"href":"https:\/\/avasacoffee.com\/en\/wp-json\/wp\/v2\/users\/1"}],"replies":[{"embeddable":true,"href":"https:\/\/avasacoffee.com\/en\/wp-json\/wp\/v2\/comments?post=17738"}],"version-history":[{"count":7,"href":"https:\/\/avasacoffee.com\/en\/wp-json\/wp\/v2\/pages\/17738\/revisions"}],"predecessor-version":[{"id":17973,"href":"https:\/\/avasacoffee.com\/en\/wp-json\/wp\/v2\/pages\/17738\/revisions\/17973"}],"wp:featuredmedia":[{"embeddable":true,"href":"https:\/\/avasacoffee.com\/en\/wp-json\/wp\/v2\/media\/17195"}],"wp:attachment":[{"href":"https:\/\/avasacoffee.com\/en\/wp-json\/wp\/v2\/media?parent=17738"}],"curies":[{"name":"wp","href":"https:\/\/api.w.org\/{rel}","templated":true}]}}